{"id":3863,"date":"2022-02-26T15:28:05","date_gmt":"2022-02-26T15:28:05","guid":{"rendered":"https:\/\/transfiguration.live\/francois-vallieres\/"},"modified":"2022-03-25T22:28:53","modified_gmt":"2022-03-25T22:28:53","slug":"francois-vallieres","status":"publish","type":"page","link":"https:\/\/transfiguration.live\/fr\/composers\/francois-vallieres\/","title":{"rendered":"Fran\u00e7ois Valli\u00e8res"},"content":{"rendered":"\t\t<div data-elementor-type=\"wp-page\" data-elementor-id=\"3863\" class=\"elementor elementor-3863 elementor-1757\" data-elementor-post-type=\"page\">\n\t\t\t\t\t\t<section class=\"ob-is-breaking-bad elementor-section elementor-top-section elementor-element elementor-element-df156b7 elementor-section-boxed elementor-section-height-default elementor-section-height-default\" data-id=\"df156b7\" data-element_type=\"section\" data-settings=\"{&quot;_ob_bbad_use_it&quot;:&quot;yes&quot;,&quot;_ob_bbad_sssic_use&quot;:&quot;no&quot;,&quot;_ob_glider_is_slider&quot;:&quot;no&quot;}\">\n\t\t\t\t\t\t<div class=\"elementor-container elementor-column-gap-no\">\n\t\t\t\t\t<div class=\"elementor-column elementor-col-50 elementor-top-column elementor-element elementor-element-0704a5d\" data-id=\"0704a5d\" data-element_type=\"column\" data-settings=\"{&quot;background_background&quot;:&quot;classic&quot;,&quot;_ob_bbad_is_stalker&quot;:&quot;no&quot;,&quot;_ob_teleporter_use&quot;:false,&quot;_ob_column_has_pseudo&quot;:&quot;no&quot;}\">\n\t\t\t<div class=\"elementor-widget-wrap elementor-element-populated\">\n\t\t\t\t\t<div class=\"elementor-background-overlay\"><\/div>\n\t\t\t\t\t\t<div class=\"elementor-element elementor-element-c5d0e83 ob-harakiri-inherit elementor-widget elementor-widget-heading\" data-id=\"c5d0e83\" data-element_type=\"widget\" data-settings=\"{&quot;_ob_use_harakiri&quot;:&quot;yes&quot;,&quot;_ob_harakiri_writing_mode&quot;:&quot;inherit&quot;,&quot;_ob_harakiri_text_clip&quot;:&quot;none&quot;,&quot;_ob_perspektive_use&quot;:&quot;no&quot;,&quot;_ob_allow_hoveranimator&quot;:&quot;no&quot;,&quot;_ob_widget_stalker_use&quot;:&quot;no&quot;}\" data-widget_type=\"heading.default\">\n\t\t\t\t<div class=\"elementor-widget-container\">\n\t\t\t\t\t<h2 class=\"elementor-heading-title elementor-size-default\">Double-Monologue<\/h2>\t\t\t\t<\/div>\n\t\t\t\t<\/div>\n\t\t\t\t<div class=\"elementor-element elementor-element-a73252c ob-has-background-overlay elementor-widget elementor-widget-spacer\" data-id=\"a73252c\" data-element_type=\"widget\" data-settings=\"{&quot;_ob_spacerat_use&quot;:&quot;no&quot;,&quot;_ob_perspektive_use&quot;:&quot;no&quot;,&quot;_ob_poopart_use&quot;:&quot;yes&quot;,&quot;_ob_shadough_use&quot;:&quot;no&quot;,&quot;_ob_allow_hoveranimator&quot;:&quot;no&quot;,&quot;_ob_widget_stalker_use&quot;:&quot;no&quot;}\" data-widget_type=\"spacer.default\">\n\t\t\t\t<div class=\"elementor-widget-container\">\n\t\t\t\t\t\t\t<div class=\"elementor-spacer\">\n\t\t\t<div class=\"elementor-spacer-inner\"><\/div>\n\t\t<\/div>\n\t\t\t\t\t\t<\/div>\n\t\t\t\t<\/div>\n\t\t\t\t<div class=\"elementor-element elementor-element-f1055f2 ob-harakiri-inherit elementor-widget elementor-widget-heading\" data-id=\"f1055f2\" data-element_type=\"widget\" data-settings=\"{&quot;_ob_use_harakiri&quot;:&quot;yes&quot;,&quot;_ob_harakiri_writing_mode&quot;:&quot;inherit&quot;,&quot;_ob_harakiri_text_clip&quot;:&quot;none&quot;,&quot;_ob_perspektive_use&quot;:&quot;no&quot;,&quot;_ob_allow_hoveranimator&quot;:&quot;no&quot;,&quot;_ob_widget_stalker_use&quot;:&quot;no&quot;}\" data-widget_type=\"heading.default\">\n\t\t\t\t<div class=\"elementor-widget-container\">\n\t\t\t\t\t<h2 class=\"elementor-heading-title elementor-size-default\">Cogs in Cogs <i>(Totally Out Of The Woods)<\/i><\/h2>\t\t\t\t<\/div>\n\t\t\t\t<\/div>\n\t\t\t\t\t<\/div>\n\t\t<\/div>\n\t\t\t\t<div class=\"elementor-column elementor-col-50 elementor-top-column elementor-element elementor-element-c020552\" data-id=\"c020552\" data-element_type=\"column\" data-settings=\"{&quot;_ob_bbad_is_stalker&quot;:&quot;no&quot;,&quot;_ob_teleporter_use&quot;:false,&quot;_ob_column_hoveranimator&quot;:&quot;no&quot;,&quot;_ob_column_has_pseudo&quot;:&quot;no&quot;}\">\n\t\t\t<div class=\"elementor-widget-wrap elementor-element-populated\">\n\t\t\t\t\t\t<section class=\"ob-is-breaking-bad ob-bb-inner elementor-section elementor-inner-section elementor-element elementor-element-af2d953 elementor-section-boxed elementor-section-height-default elementor-section-height-default\" data-id=\"af2d953\" data-element_type=\"section\" data-settings=\"{&quot;_ob_bbad_use_it&quot;:&quot;yes&quot;,&quot;_ob_bbad_sssic_use&quot;:&quot;no&quot;,&quot;_ob_glider_is_slider&quot;:&quot;no&quot;}\">\n\t\t\t\t\t\t<div class=\"elementor-container elementor-column-gap-no\">\n\t\t\t\t\t<div class=\"elementor-column elementor-col-50 elementor-inner-column elementor-element elementor-element-7ae65e2\" data-id=\"7ae65e2\" data-element_type=\"column\" data-settings=\"{&quot;_ob_bbad_is_stalker&quot;:&quot;no&quot;,&quot;_ob_teleporter_use&quot;:false,&quot;_ob_column_hoveranimator&quot;:&quot;no&quot;,&quot;_ob_column_has_pseudo&quot;:&quot;no&quot;}\">\n\t\t\t<div class=\"elementor-widget-wrap elementor-element-populated\">\n\t\t\t\t\t\t<div class=\"elementor-element elementor-element-55127f0 ob-is-hoveranimal elementor-widget elementor-widget-image\" data-id=\"55127f0\" data-element_type=\"widget\" data-settings=\"{&quot;_ob_allow_hoveranimator&quot;:&quot;yes&quot;,&quot;_ob_photomorph_use&quot;:&quot;no&quot;,&quot;_ob_perspektive_use&quot;:&quot;no&quot;,&quot;_ob_allow_hoveranimator_touch&quot;:&quot;no&quot;,&quot;_ob_widget_stalker_use&quot;:&quot;no&quot;}\" data-widget_type=\"image.default\">\n\t\t\t\t<div class=\"elementor-widget-container\">\n\t\t\t\t\t\t\t\t\t\t\t\t<figure class=\"wp-caption\">\n\t\t\t\t\t\t\t\t\t\t\t<a href=\"https:\/\/transfiguration.live\/wp-content\/uploads\/2022\/02\/valliere.jpg\" data-elementor-open-lightbox=\"yes\" data-elementor-lightbox-title=\"Fran\u00e7ois Valli\u00e8res\" data-e-action-hash=\"#elementor-action%3Aaction%3Dlightbox%26settings%3DeyJpZCI6MTcyOCwidXJsIjoiaHR0cHM6XC9cL3RyYW5zZmlndXJhdGlvbi5saXZlXC93cC1jb250ZW50XC91cGxvYWRzXC8yMDIyXC8wMlwvdmFsbGllcmUuanBnIn0%3D\">\n\t\t\t\t\t\t\t<img loading=\"lazy\" decoding=\"async\" width=\"800\" height=\"800\" src=\"https:\/\/transfiguration.live\/wp-content\/uploads\/2022\/02\/valliere.jpg\" class=\"attachment-large size-large wp-image-1728\" alt=\"\" srcset=\"https:\/\/transfiguration.live\/wp-content\/uploads\/2022\/02\/valliere.jpg 958w, https:\/\/transfiguration.live\/wp-content\/uploads\/2022\/02\/valliere-300x300.jpg 300w, https:\/\/transfiguration.live\/wp-content\/uploads\/2022\/02\/valliere-150x150.jpg 150w, https:\/\/transfiguration.live\/wp-content\/uploads\/2022\/02\/valliere-768x768.jpg 768w, https:\/\/transfiguration.live\/wp-content\/uploads\/2022\/02\/valliere-700x700.jpg 700w\" sizes=\"auto, (max-width: 800px) 100vw, 800px\" \/>\t\t\t\t\t\t\t\t<\/a>\n\t\t\t\t\t\t\t\t\t\t\t<figcaption class=\"widget-image-caption wp-caption-text\">Photo: Lou Scamble<\/figcaption>\n\t\t\t\t\t\t\t\t\t\t<\/figure>\n\t\t\t\t\t\t\t\t\t<\/div>\n\t\t\t\t<\/div>\n\t\t\t\t<div class=\"elementor-element elementor-element-2fb7984 elementor-shape-circle e-grid-align-left elementor-grid-0 ob-has-background-overlay elementor-widget elementor-widget-social-icons\" data-id=\"2fb7984\" data-element_type=\"widget\" data-settings=\"{&quot;_ob_perspektive_use&quot;:&quot;no&quot;,&quot;_ob_poopart_use&quot;:&quot;yes&quot;,&quot;_ob_shadough_use&quot;:&quot;no&quot;,&quot;_ob_allow_hoveranimator&quot;:&quot;no&quot;,&quot;_ob_widget_stalker_use&quot;:&quot;no&quot;}\" data-widget_type=\"social-icons.default\">\n\t\t\t\t<div class=\"elementor-widget-container\">\n\t\t\t\t\t\t\t<div class=\"elementor-social-icons-wrapper elementor-grid\">\n\t\t\t\t\t\t\t<span class=\"elementor-grid-item\">\n\t\t\t\t\t<a class=\"elementor-icon elementor-social-icon elementor-social-icon-facebook elementor-repeater-item-c0fb232\" href=\"https:\/\/www.facebook.com\/francois.vallieres.9\" target=\"_blank\">\n\t\t\t\t\t\t<span class=\"elementor-screen-only\">Facebook<\/span>\n\t\t\t\t\t\t<svg class=\"e-font-icon-svg e-fab-facebook\" viewBox=\"0 0 512 512\" xmlns=\"http:\/\/www.w3.org\/2000\/svg\"><path d=\"M504 256C504 119 393 8 256 8S8 119 8 256c0 123.78 90.69 226.38 209.25 245V327.69h-63V256h63v-54.64c0-62.15 37-96.48 93.67-96.48 27.14 0 55.52 4.84 55.52 4.84v61h-31.28c-30.8 0-40.41 19.12-40.41 38.73V256h68.78l-11 71.69h-57.78V501C413.31 482.38 504 379.78 504 256z\"><\/path><\/svg>\t\t\t\t\t<\/a>\n\t\t\t\t<\/span>\n\t\t\t\t\t<\/div>\n\t\t\t\t\t\t<\/div>\n\t\t\t\t<\/div>\n\t\t\t\t\t<\/div>\n\t\t<\/div>\n\t\t\t\t<div class=\"elementor-column elementor-col-50 elementor-inner-column elementor-element elementor-element-382eeb9\" data-id=\"382eeb9\" data-element_type=\"column\" data-settings=\"{&quot;_ob_bbad_is_stalker&quot;:&quot;no&quot;,&quot;_ob_teleporter_use&quot;:false,&quot;_ob_column_hoveranimator&quot;:&quot;no&quot;,&quot;_ob_column_has_pseudo&quot;:&quot;no&quot;}\">\n\t\t\t<div class=\"elementor-widget-wrap elementor-element-populated\">\n\t\t\t\t\t\t<div class=\"elementor-element elementor-element-f12d515 ob-harakiri-inherit ob-has-background-overlay elementor-widget elementor-widget-heading\" data-id=\"f12d515\" data-element_type=\"widget\" data-settings=\"{&quot;_ob_steroids_underlay_popover_whyxrot&quot;:&quot;yes&quot;,&quot;_ob_use_harakiri&quot;:&quot;yes&quot;,&quot;_ob_harakiri_writing_mode&quot;:&quot;inherit&quot;,&quot;_ob_harakiri_text_clip&quot;:&quot;none&quot;,&quot;_ob_perspektive_use&quot;:&quot;no&quot;,&quot;_ob_poopart_use&quot;:&quot;yes&quot;}\" data-widget_type=\"heading.default\">\n\t\t\t\t<div class=\"elementor-widget-container\">\n\t\t\t\t\t<h2 class=\"elementor-heading-title elementor-size-default\">Fran\u00e7ois Valli\u00e8res\n<\/h2>\t\t\t\t<\/div>\n\t\t\t\t<\/div>\n\t\t\t\t<div class=\"elementor-element elementor-element-51fdbf9 ob-has-background-overlay elementor-widget elementor-widget-spacer\" data-id=\"51fdbf9\" data-element_type=\"widget\" data-settings=\"{&quot;_ob_spacerat_use&quot;:&quot;no&quot;,&quot;_ob_perspektive_use&quot;:&quot;no&quot;,&quot;_ob_poopart_use&quot;:&quot;yes&quot;,&quot;_ob_shadough_use&quot;:&quot;no&quot;,&quot;_ob_allow_hoveranimator&quot;:&quot;no&quot;,&quot;_ob_widget_stalker_use&quot;:&quot;no&quot;}\" data-widget_type=\"spacer.default\">\n\t\t\t\t<div class=\"elementor-widget-container\">\n\t\t\t\t\t\t\t<div class=\"elementor-spacer\">\n\t\t\t<div class=\"elementor-spacer-inner\"><\/div>\n\t\t<\/div>\n\t\t\t\t\t\t<\/div>\n\t\t\t\t<\/div>\n\t\t\t\t<div class=\"elementor-element elementor-element-2672e78 ob-harakiri-inherit ob-has-background-overlay elementor-widget elementor-widget-text-editor\" data-id=\"2672e78\" data-element_type=\"widget\" data-settings=\"{&quot;_ob_use_harakiri&quot;:&quot;yes&quot;,&quot;_ob_harakiri_writing_mode&quot;:&quot;inherit&quot;,&quot;_ob_postman_use&quot;:&quot;no&quot;,&quot;_ob_perspektive_use&quot;:&quot;no&quot;,&quot;_ob_poopart_use&quot;:&quot;yes&quot;,&quot;_ob_shadough_use&quot;:&quot;no&quot;,&quot;_ob_allow_hoveranimator&quot;:&quot;no&quot;,&quot;_ob_widget_stalker_use&quot;:&quot;no&quot;}\" data-widget_type=\"text-editor.default\">\n\t\t\t\t<div class=\"elementor-widget-container\">\n\t\t\t\t\t\t\t\t\t<p>Dipl\u00f4m\u00e9 du Conservatoire de musique de Montr\u00e9al et de l\u2019Universit\u00e9 Rice de Houston, Fran\u00e7ois Valli\u00e8res est altiste du Nouvel Ensemble Moderne et membre de l\u2019Orchestre Classique de Montr\u00e9al. Musicien polyvalent, il se produit r\u00e9guli\u00e8rement avec de nombreux ensembles tels que l\u2019Orchestre M\u00e9tropolitain, l\u2019ensemble I Musici de Montr\u00e9al, Les Violons du Roy, ou encore les orchestres symphoniques de Qu\u00e9bec, Trois-Rivi\u00e8res, Longueuil, Laval et Drummondville.<\/p><p>Copiste, orchestrateur et arrangeur tr\u00e8s demand\u00e9, il a \u00e9t\u00e9 nomm\u00e9 <i>Arrangeur de l\u2019ann\u00e9e au Gala de l\u2019ADISQ<\/i> en 2013.<\/p><p>Ses travaux ont \u00e9t\u00e9 interpr\u00e9t\u00e9s par de nombreux artistes, tels que Patrice Michaud, Ingrid St-Pierre, Daniel Lavoie, C\u0153ur de Pirate, Jean-Pierre Ferland, Jorane, Pascale Picard, Bruno Pelletier, ainsi que des ensembles comme l\u2019Orchestre Classique de Montr\u00e9al, les Violons du Roy, le Nouvel Ensemble Moderne, les Quatuor esca et Molinari, le Quintette de cuivres Buzz et Ang\u00e8le Dubeau &amp; La Piet\u00e0.<\/p>\t\t\t\t\t\t\t\t<\/div>\n\t\t\t\t<\/div>\n\t\t\t\t\t<\/div>\n\t\t<\/div>\n\t\t\t\t\t<\/div>\n\t\t<\/section>\n\t\t\t\t\t<\/div>\n\t\t<\/div>\n\t\t\t\t\t<\/div>\n\t\t<\/section>\n\t\t\t\t<section class=\"ob-is-breaking-bad elementor-section elementor-top-section elementor-element elementor-element-30378b21 elementor-section-full_width elementor-section-height-default elementor-section-height-default\" data-id=\"30378b21\" data-element_type=\"section\" data-settings=\"{&quot;background_background&quot;:&quot;classic&quot;,&quot;_ob_bbad_use_it&quot;:&quot;yes&quot;,&quot;_ob_bbad_sssic_use&quot;:&quot;no&quot;,&quot;_ob_glider_is_slider&quot;:&quot;no&quot;}\">\n\t\t\t\t\t\t<div class=\"elementor-container elementor-column-gap-no\">\n\t\t\t\t\t<div class=\"ob-is-hoveranimator elementor-column elementor-col-50 elementor-top-column elementor-element elementor-element-5e174756\" data-id=\"5e174756\" data-element_type=\"column\" data-settings=\"{&quot;_ob_bbad_link&quot;:{&quot;url&quot;:&quot;https:\\\/\\\/transfiguration.live\\\/fr\\\/composers\\\/kelly-marie-murphy\\\/&quot;,&quot;is_external&quot;:&quot;&quot;,&quot;nofollow&quot;:&quot;&quot;,&quot;custom_attributes&quot;:&quot;&quot;},&quot;background_background&quot;:&quot;classic&quot;,&quot;_ob_column_hoveranimator&quot;:&quot;yes&quot;,&quot;_ob_bbad_is_stalker&quot;:&quot;no&quot;,&quot;_ob_column_has_pseudo&quot;:&quot;no&quot;}\">\n\t\t\t<div class=\"elementor-widget-wrap elementor-element-populated\">\n\t\t\t\t\t\t<div class=\"elementor-element elementor-element-f586e6 ob-harakiri-inherit ob-has-background-overlay elementor-widget elementor-widget-heading\" data-id=\"f586e6\" data-element_type=\"widget\" data-settings=\"{&quot;_ob_use_harakiri&quot;:&quot;yes&quot;,&quot;_ob_harakiri_writing_mode&quot;:&quot;inherit&quot;,&quot;_ob_harakiri_text_clip&quot;:&quot;none&quot;,&quot;_ob_perspektive_use&quot;:&quot;no&quot;,&quot;_ob_poopart_use&quot;:&quot;yes&quot;,&quot;_ob_shadough_use&quot;:&quot;no&quot;,&quot;_ob_widget_stalker_use&quot;:&quot;no&quot;}\" data-widget_type=\"heading.default\">\n\t\t\t\t<div class=\"elementor-widget-container\">\n\t\t\t\t\t<h2 class=\"elementor-heading-title elementor-size-default\"><a href=\"https:\/\/transfiguration.live\/fr\/composers\/kelly-marie-murphy\/\">&#129044; Kelly-Marie Murphy<\/a><\/h2>\t\t\t\t<\/div>\n\t\t\t\t<\/div>\n\t\t\t\t\t<\/div>\n\t\t<\/div>\n\t\t\t\t<div class=\"ob-is-hoveranimator elementor-column elementor-col-50 elementor-top-column elementor-element elementor-element-1c1426da\" data-id=\"1c1426da\" data-element_type=\"column\" data-settings=\"{&quot;_ob_bbad_link&quot;:{&quot;url&quot;:&quot;https:\\\/\\\/transfiguration.live\\\/fr\\\/composers\\\/marjan-mozetich\\\/&quot;,&quot;is_external&quot;:&quot;&quot;,&quot;nofollow&quot;:&quot;&quot;,&quot;custom_attributes&quot;:&quot;&quot;},&quot;background_background&quot;:&quot;classic&quot;,&quot;_ob_column_hoveranimator&quot;:&quot;yes&quot;,&quot;_ob_bbad_is_stalker&quot;:&quot;no&quot;,&quot;_ob_column_has_pseudo&quot;:&quot;no&quot;}\">\n\t\t\t<div class=\"elementor-widget-wrap elementor-element-populated\">\n\t\t\t\t\t\t<div class=\"elementor-element elementor-element-323b3969 ob-harakiri-inherit ob-has-background-overlay elementor-widget elementor-widget-heading\" data-id=\"323b3969\" data-element_type=\"widget\" data-settings=\"{&quot;_ob_use_harakiri&quot;:&quot;yes&quot;,&quot;_ob_harakiri_writing_mode&quot;:&quot;inherit&quot;,&quot;_ob_harakiri_text_clip&quot;:&quot;none&quot;,&quot;_ob_perspektive_use&quot;:&quot;no&quot;,&quot;_ob_poopart_use&quot;:&quot;yes&quot;,&quot;_ob_shadough_use&quot;:&quot;no&quot;,&quot;_ob_widget_stalker_use&quot;:&quot;no&quot;}\" data-widget_type=\"heading.default\">\n\t\t\t\t<div class=\"elementor-widget-container\">\n\t\t\t\t\t<h2 class=\"elementor-heading-title elementor-size-default\"><a href=\"https:\/\/transfiguration.live\/fr\/composers\/marjan-mozetich\/\">Marjan Mozetich &#129046;<\/a><\/h2>\t\t\t\t<\/div>\n\t\t\t\t<\/div>\n\t\t\t\t\t<\/div>\n\t\t<\/div>\n\t\t\t\t\t<\/div>\n\t\t<\/section>\n\t\t\t\t<\/div>\n\t\t","protected":false},"excerpt":{"rendered":"<p>Double-Monologue Cogs in Cogs (Totally Out Of The Woods) Photo: Lou Scamble Facebook Fran\u00e7ois Valli\u00e8res Dipl\u00f4m\u00e9 du Conservatoire de musique de Montr\u00e9al et de l\u2019Universit\u00e9 Rice de Houston, Fran\u00e7ois Valli\u00e8res est altiste du Nouvel Ensemble Moderne et membre de l\u2019Orchestre Classique de Montr\u00e9al. Musicien polyvalent, il se produit r\u00e9guli\u00e8rement avec de nombreux ensembles tels que [&hellip;]<\/p>\n","protected":false},"author":5,"featured_media":0,"parent":3898,"menu_order":0,"comment_status":"closed","ping_status":"closed","template":"","meta":{"_acf_changed":false,"footnotes":"","_links_to":"","_links_to_target":""},"categories":[],"tags":[],"class_list":["post-3863","page","type-page","status-publish","hentry"],"acf":[],"yoast_head":"<!-- This site is optimized with the Yoast SEO plugin v25.4 - https:\/\/yoast.com\/wordpress\/plugins\/seo\/ -->\n<title>Fran\u00e7ois Valli\u00e8res - Transfiguration<\/title>\n<meta name=\"robots\" content=\"index, follow, max-snippet:-1, max-image-preview:large, max-video-preview:-1\" \/>\n<link rel=\"canonical\" href=\"https:\/\/transfiguration.live\/fr\/composers\/francois-vallieres\/\" \/>\n<meta property=\"og:locale\" content=\"fr_FR\" \/>\n<meta property=\"og:type\" content=\"article\" \/>\n<meta property=\"og:title\" content=\"Fran\u00e7ois Valli\u00e8res - Transfiguration\" \/>\n<meta property=\"og:description\" content=\"Double-Monologue Cogs in Cogs (Totally Out Of The Woods) Photo: Lou Scamble Facebook Fran\u00e7ois Valli\u00e8res Dipl\u00f4m\u00e9 du Conservatoire de musique de Montr\u00e9al et de l\u2019Universit\u00e9 Rice de Houston, Fran\u00e7ois Valli\u00e8res est altiste du Nouvel Ensemble Moderne et membre de l\u2019Orchestre Classique de Montr\u00e9al. Musicien polyvalent, il se produit r\u00e9guli\u00e8rement avec de nombreux ensembles tels que [&hellip;]\" \/>\n<meta property=\"og:url\" content=\"https:\/\/transfiguration.live\/fr\/composers\/francois-vallieres\/\" \/>\n<meta property=\"og:site_name\" content=\"Transfiguration\" \/>\n<meta property=\"article:modified_time\" content=\"2022-03-25T22:28:53+00:00\" \/>\n<meta property=\"og:image\" content=\"https:\/\/transfiguration.live\/wp-content\/uploads\/2022\/02\/valliere.jpg\" \/>\n<meta name=\"twitter:card\" content=\"summary_large_image\" \/>\n<meta name=\"twitter:label1\" content=\"Dur\u00e9e de lecture estim\u00e9e\" \/>\n\t<meta name=\"twitter:data1\" content=\"2 minutes\" \/>\n<script type=\"application\/ld+json\" class=\"yoast-schema-graph\">{\"@context\":\"https:\/\/schema.org\",\"@graph\":[{\"@type\":\"WebPage\",\"@id\":\"https:\/\/transfiguration.live\/fr\/composers\/francois-vallieres\/\",\"url\":\"https:\/\/transfiguration.live\/fr\/composers\/francois-vallieres\/\",\"name\":\"Fran\u00e7ois Valli\u00e8res - Transfiguration\",\"isPartOf\":{\"@id\":\"https:\/\/transfiguration.live\/fr\/#website\"},\"primaryImageOfPage\":{\"@id\":\"https:\/\/transfiguration.live\/fr\/composers\/francois-vallieres\/#primaryimage\"},\"image\":{\"@id\":\"https:\/\/transfiguration.live\/fr\/composers\/francois-vallieres\/#primaryimage\"},\"thumbnailUrl\":\"https:\/\/transfiguration.live\/wp-content\/uploads\/2022\/02\/valliere.jpg\",\"datePublished\":\"2022-02-26T15:28:05+00:00\",\"dateModified\":\"2022-03-25T22:28:53+00:00\",\"breadcrumb\":{\"@id\":\"https:\/\/transfiguration.live\/fr\/composers\/francois-vallieres\/#breadcrumb\"},\"inLanguage\":\"fr-FR\",\"potentialAction\":[{\"@type\":\"ReadAction\",\"target\":[\"https:\/\/transfiguration.live\/fr\/composers\/francois-vallieres\/\"]}]},{\"@type\":\"ImageObject\",\"inLanguage\":\"fr-FR\",\"@id\":\"https:\/\/transfiguration.live\/fr\/composers\/francois-vallieres\/#primaryimage\",\"url\":\"https:\/\/transfiguration.live\/wp-content\/uploads\/2022\/02\/valliere.jpg\",\"contentUrl\":\"https:\/\/transfiguration.live\/wp-content\/uploads\/2022\/02\/valliere.jpg\"},{\"@type\":\"BreadcrumbList\",\"@id\":\"https:\/\/transfiguration.live\/fr\/composers\/francois-vallieres\/#breadcrumb\",\"itemListElement\":[{\"@type\":\"ListItem\",\"position\":1,\"name\":\"Home\",\"item\":\"https:\/\/transfiguration.live\/fr\/\"},{\"@type\":\"ListItem\",\"position\":2,\"name\":\"Les compositeurs\",\"item\":\"https:\/\/transfiguration.live\/fr\/composers\/\"},{\"@type\":\"ListItem\",\"position\":3,\"name\":\"Fran\u00e7ois Valli\u00e8res\"}]},{\"@type\":\"WebSite\",\"@id\":\"https:\/\/transfiguration.live\/fr\/#website\",\"url\":\"https:\/\/transfiguration.live\/fr\/\",\"name\":\"Transfiguration\",\"description\":\"Val\u00e9rie Milot | St\u00e9phane T\u00e9treault\",\"potentialAction\":[{\"@type\":\"SearchAction\",\"target\":{\"@type\":\"EntryPoint\",\"urlTemplate\":\"https:\/\/transfiguration.live\/fr\/?s={search_term_string}\"},\"query-input\":{\"@type\":\"PropertyValueSpecification\",\"valueRequired\":true,\"valueName\":\"search_term_string\"}}],\"inLanguage\":\"fr-FR\"}]}<\/script>\n<!-- \/ Yoast SEO plugin. -->","yoast_head_json":{"title":"Fran\u00e7ois Valli\u00e8res - Transfiguration","robots":{"index":"index","follow":"follow","max-snippet":"max-snippet:-1","max-image-preview":"max-image-preview:large","max-video-preview":"max-video-preview:-1"},"canonical":"https:\/\/transfiguration.live\/fr\/composers\/francois-vallieres\/","og_locale":"fr_FR","og_type":"article","og_title":"Fran\u00e7ois Valli\u00e8res - Transfiguration","og_description":"Double-Monologue Cogs in Cogs (Totally Out Of The Woods) Photo: Lou Scamble Facebook Fran\u00e7ois Valli\u00e8res Dipl\u00f4m\u00e9 du Conservatoire de musique de Montr\u00e9al et de l\u2019Universit\u00e9 Rice de Houston, Fran\u00e7ois Valli\u00e8res est altiste du Nouvel Ensemble Moderne et membre de l\u2019Orchestre Classique de Montr\u00e9al. Musicien polyvalent, il se produit r\u00e9guli\u00e8rement avec de nombreux ensembles tels que [&hellip;]","og_url":"https:\/\/transfiguration.live\/fr\/composers\/francois-vallieres\/","og_site_name":"Transfiguration","article_modified_time":"2022-03-25T22:28:53+00:00","og_image":[{"url":"https:\/\/transfiguration.live\/wp-content\/uploads\/2022\/02\/valliere.jpg","type":"","width":"","height":""}],"twitter_card":"summary_large_image","twitter_misc":{"Dur\u00e9e de lecture estim\u00e9e":"2 minutes"},"schema":{"@context":"https:\/\/schema.org","@graph":[{"@type":"WebPage","@id":"https:\/\/transfiguration.live\/fr\/composers\/francois-vallieres\/","url":"https:\/\/transfiguration.live\/fr\/composers\/francois-vallieres\/","name":"Fran\u00e7ois Valli\u00e8res - Transfiguration","isPartOf":{"@id":"https:\/\/transfiguration.live\/fr\/#website"},"primaryImageOfPage":{"@id":"https:\/\/transfiguration.live\/fr\/composers\/francois-vallieres\/#primaryimage"},"image":{"@id":"https:\/\/transfiguration.live\/fr\/composers\/francois-vallieres\/#primaryimage"},"thumbnailUrl":"https:\/\/transfiguration.live\/wp-content\/uploads\/2022\/02\/valliere.jpg","datePublished":"2022-02-26T15:28:05+00:00","dateModified":"2022-03-25T22:28:53+00:00","breadcrumb":{"@id":"https:\/\/transfiguration.live\/fr\/composers\/francois-vallieres\/#breadcrumb"},"inLanguage":"fr-FR","potentialAction":[{"@type":"ReadAction","target":["https:\/\/transfiguration.live\/fr\/composers\/francois-vallieres\/"]}]},{"@type":"ImageObject","inLanguage":"fr-FR","@id":"https:\/\/transfiguration.live\/fr\/composers\/francois-vallieres\/#primaryimage","url":"https:\/\/transfiguration.live\/wp-content\/uploads\/2022\/02\/valliere.jpg","contentUrl":"https:\/\/transfiguration.live\/wp-content\/uploads\/2022\/02\/valliere.jpg"},{"@type":"BreadcrumbList","@id":"https:\/\/transfiguration.live\/fr\/composers\/francois-vallieres\/#breadcrumb","itemListElement":[{"@type":"ListItem","position":1,"name":"Home","item":"https:\/\/transfiguration.live\/fr\/"},{"@type":"ListItem","position":2,"name":"Les compositeurs","item":"https:\/\/transfiguration.live\/fr\/composers\/"},{"@type":"ListItem","position":3,"name":"Fran\u00e7ois Valli\u00e8res"}]},{"@type":"WebSite","@id":"https:\/\/transfiguration.live\/fr\/#website","url":"https:\/\/transfiguration.live\/fr\/","name":"Transfiguration","description":"Val\u00e9rie Milot | St\u00e9phane T\u00e9treault","potentialAction":[{"@type":"SearchAction","target":{"@type":"EntryPoint","urlTemplate":"https:\/\/transfiguration.live\/fr\/?s={search_term_string}"},"query-input":{"@type":"PropertyValueSpecification","valueRequired":true,"valueName":"search_term_string"}}],"inLanguage":"fr-FR"}]}},"_links":{"self":[{"href":"https:\/\/transfiguration.live\/fr\/wp-json\/wp\/v2\/pages\/3863","targetHints":{"allow":["GET"]}}],"collection":[{"href":"https:\/\/transfiguration.live\/fr\/wp-json\/wp\/v2\/pages"}],"about":[{"href":"https:\/\/transfiguration.live\/fr\/wp-json\/wp\/v2\/types\/page"}],"author":[{"embeddable":true,"href":"https:\/\/transfiguration.live\/fr\/wp-json\/wp\/v2\/users\/5"}],"replies":[{"embeddable":true,"href":"https:\/\/transfiguration.live\/fr\/wp-json\/wp\/v2\/comments?post=3863"}],"version-history":[{"count":22,"href":"https:\/\/transfiguration.live\/fr\/wp-json\/wp\/v2\/pages\/3863\/revisions"}],"predecessor-version":[{"id":4751,"href":"https:\/\/transfiguration.live\/fr\/wp-json\/wp\/v2\/pages\/3863\/revisions\/4751"}],"up":[{"embeddable":true,"href":"https:\/\/transfiguration.live\/fr\/wp-json\/wp\/v2\/pages\/3898"}],"wp:attachment":[{"href":"https:\/\/transfiguration.live\/fr\/wp-json\/wp\/v2\/media?parent=3863"}],"wp:term":[{"taxonomy":"category","embeddable":true,"href":"https:\/\/transfiguration.live\/fr\/wp-json\/wp\/v2\/categories?post=3863"},{"taxonomy":"post_tag","embeddable":true,"href":"https:\/\/transfiguration.live\/fr\/wp-json\/wp\/v2\/tags?post=3863"}],"curies":[{"name":"wp","href":"https:\/\/api.w.org\/{rel}","templated":true}]}}