{"id":4177,"date":"2022-02-15T20:04:36","date_gmt":"2022-02-15T20:04:36","guid":{"rendered":"https:\/\/transfiguration.live\/tours\/"},"modified":"2022-06-02T21:07:04","modified_gmt":"2022-06-02T21:07:04","slug":"tours","status":"publish","type":"page","link":"https:\/\/transfiguration.live\/fr\/tours\/","title":{"rendered":"En Tourn\u00e9e"},"content":{"rendered":"\t\t<div data-elementor-type=\"wp-page\" data-elementor-id=\"4177\" class=\"elementor elementor-4177 elementor-541\" data-elementor-post-type=\"page\">\n\t\t\t\t\t\t<section class=\"ob-is-breaking-bad elementor-section elementor-top-section elementor-element elementor-element-935a2c8 elementor-section-boxed elementor-section-height-default elementor-section-height-default\" data-id=\"935a2c8\" data-element_type=\"section\" data-settings=\"{&quot;_ob_bbad_use_it&quot;:&quot;yes&quot;,&quot;_ob_bbad_sssic_use&quot;:&quot;no&quot;,&quot;_ob_glider_is_slider&quot;:&quot;no&quot;}\">\n\t\t\t\t\t\t<div class=\"elementor-container elementor-column-gap-no\">\n\t\t\t\t\t<div class=\"elementor-column elementor-col-50 elementor-top-column elementor-element elementor-element-a11a899\" data-id=\"a11a899\" data-element_type=\"column\" data-settings=\"{&quot;_ob_bbad_is_stalker&quot;:&quot;no&quot;,&quot;_ob_teleporter_use&quot;:false,&quot;_ob_column_hoveranimator&quot;:&quot;no&quot;,&quot;_ob_column_has_pseudo&quot;:&quot;no&quot;}\">\n\t\t\t<div class=\"elementor-widget-wrap elementor-element-populated\">\n\t\t\t\t\t\t<div class=\"elementor-element elementor-element-af3c373 ob-harakiri-inherit ob-has-background-overlay elementor-widget elementor-widget-heading\" data-id=\"af3c373\" data-element_type=\"widget\" data-settings=\"{&quot;_ob_use_harakiri&quot;:&quot;yes&quot;,&quot;_ob_harakiri_writing_mode&quot;:&quot;inherit&quot;,&quot;_ob_harakiri_text_clip&quot;:&quot;none&quot;,&quot;_ob_perspektive_use&quot;:&quot;no&quot;,&quot;_ob_poopart_use&quot;:&quot;yes&quot;,&quot;_ob_shadough_use&quot;:&quot;no&quot;,&quot;_ob_allow_hoveranimator&quot;:&quot;no&quot;,&quot;_ob_widget_stalker_use&quot;:&quot;no&quot;}\" data-widget_type=\"heading.default\">\n\t\t\t\t<div class=\"elementor-widget-container\">\n\t\t\t\t\t<h2 class=\"elementor-heading-title elementor-size-default\">En tourn\u00e9e<\/h2>\t\t\t\t<\/div>\n\t\t\t\t<\/div>\n\t\t\t\t<div class=\"elementor-element elementor-element-a6425b5 ob-harakiri-inherit ob-has-background-overlay elementor-widget elementor-widget-heading\" data-id=\"a6425b5\" data-element_type=\"widget\" data-settings=\"{&quot;_ob_use_harakiri&quot;:&quot;yes&quot;,&quot;_ob_harakiri_writing_mode&quot;:&quot;inherit&quot;,&quot;_ob_harakiri_text_clip&quot;:&quot;none&quot;,&quot;_ob_perspektive_use&quot;:&quot;no&quot;,&quot;_ob_poopart_use&quot;:&quot;yes&quot;,&quot;_ob_shadough_use&quot;:&quot;no&quot;,&quot;_ob_allow_hoveranimator&quot;:&quot;no&quot;,&quot;_ob_widget_stalker_use&quot;:&quot;no&quot;}\" data-widget_type=\"heading.default\">\n\t\t\t\t<div class=\"elementor-widget-container\">\n\t\t\t\t\t<h2 class=\"elementor-heading-title elementor-size-default\">O\u00f9 pouvez-vous nous voir ?<\/h2>\t\t\t\t<\/div>\n\t\t\t\t<\/div>\n\t\t\t\t\t<\/div>\n\t\t<\/div>\n\t\t\t\t<div class=\"elementor-column elementor-col-50 elementor-top-column elementor-element elementor-element-a3c2f55\" data-id=\"a3c2f55\" data-element_type=\"column\" data-settings=\"{&quot;_ob_bbad_is_stalker&quot;:&quot;no&quot;,&quot;_ob_teleporter_use&quot;:false,&quot;_ob_column_hoveranimator&quot;:&quot;no&quot;,&quot;_ob_column_has_pseudo&quot;:&quot;no&quot;}\">\n\t\t\t<div class=\"elementor-widget-wrap\">\n\t\t\t\t\t\t\t<\/div>\n\t\t<\/div>\n\t\t\t\t\t<\/div>\n\t\t<\/section>\n\t\t\t\t<section class=\"elementor-section elementor-top-section elementor-element elementor-element-fa652a7 elementor-section-boxed elementor-section-height-default elementor-section-height-default\" data-id=\"fa652a7\" data-element_type=\"section\" data-settings=\"{&quot;_ob_glider_is_slider&quot;:&quot;no&quot;}\">\n\t\t\t\t\t\t<div class=\"elementor-container elementor-column-gap-default\">\n\t\t\t\t\t<div class=\"elementor-column elementor-col-100 elementor-top-column elementor-element elementor-element-b508c6e\" data-id=\"b508c6e\" data-element_type=\"column\" data-settings=\"{&quot;_ob_bbad_is_stalker&quot;:&quot;no&quot;,&quot;_ob_teleporter_use&quot;:false,&quot;_ob_column_hoveranimator&quot;:&quot;no&quot;,&quot;_ob_column_has_pseudo&quot;:&quot;no&quot;}\">\n\t\t\t<div class=\"elementor-widget-wrap elementor-element-populated\">\n\t\t\t\t\t\t<div class=\"elementor-element elementor-element-9ca3532 ob-has-background-overlay elementor-widget elementor-widget-shortcode\" data-id=\"9ca3532\" data-element_type=\"widget\" data-settings=\"{&quot;_ob_perspektive_use&quot;:&quot;no&quot;,&quot;_ob_poopart_use&quot;:&quot;yes&quot;,&quot;_ob_shadough_use&quot;:&quot;no&quot;,&quot;_ob_allow_hoveranimator&quot;:&quot;no&quot;,&quot;_ob_widget_stalker_use&quot;:&quot;no&quot;}\" data-widget_type=\"shortcode.default\">\n\t\t\t\t<div class=\"elementor-widget-container\">\n\t\t\t\t\t\t\t<div class=\"elementor-shortcode\"><div class=\"mec-wrap mec-skin-slider-container \" id=\"mec_skin_3425\">\r\n    \r\n        <div class=\"mec-skin-slider-events-container\" id=\"mec_skin_events_3425\">\r\n        Pas d&#039;\u00e9v\u00e9nement actuellement programm\u00e9.    <\/div>\r\n        \r\n<\/div><\/div>\n\t\t\t\t\t\t<\/div>\n\t\t\t\t<\/div>\n\t\t\t\t\t<\/div>\n\t\t<\/div>\n\t\t\t\t\t<\/div>\n\t\t<\/section>\n\t\t\t\t<\/div>\n\t\t","protected":false},"excerpt":{"rendered":"<p>En tourn\u00e9e O\u00f9 pouvez-vous nous voir ?<\/p>\n","protected":false},"author":5,"featured_media":0,"parent":0,"menu_order":0,"comment_status":"closed","ping_status":"closed","template":"","meta":{"_acf_changed":false,"footnotes":"","_links_to":"","_links_to_target":""},"categories":[],"tags":[],"class_list":["post-4177","page","type-page","status-publish","hentry"],"acf":[],"yoast_head":"<!-- This site is optimized with the Yoast SEO plugin v25.4 - https:\/\/yoast.com\/wordpress\/plugins\/seo\/ -->\n<title>En Tourn\u00e9e - Transfiguration<\/title>\n<meta name=\"robots\" content=\"index, follow, max-snippet:-1, max-image-preview:large, max-video-preview:-1\" \/>\n<link rel=\"canonical\" href=\"https:\/\/transfiguration.live\/fr\/tours\/\" \/>\n<meta property=\"og:locale\" content=\"fr_FR\" \/>\n<meta property=\"og:type\" content=\"article\" \/>\n<meta property=\"og:title\" content=\"En Tourn\u00e9e - Transfiguration\" \/>\n<meta property=\"og:description\" content=\"En tourn\u00e9e O\u00f9 pouvez-vous nous voir ?\" \/>\n<meta property=\"og:url\" content=\"https:\/\/transfiguration.live\/fr\/tours\/\" \/>\n<meta property=\"og:site_name\" content=\"Transfiguration\" \/>\n<meta property=\"article:modified_time\" content=\"2022-06-02T21:07:04+00:00\" \/>\n<meta name=\"twitter:card\" content=\"summary_large_image\" \/>\n<meta name=\"twitter:label1\" content=\"Dur\u00e9e de lecture estim\u00e9e\" \/>\n\t<meta name=\"twitter:data1\" content=\"2 minutes\" \/>\n<script type=\"application\/ld+json\" class=\"yoast-schema-graph\">{\"@context\":\"https:\/\/schema.org\",\"@graph\":[{\"@type\":\"WebPage\",\"@id\":\"https:\/\/transfiguration.live\/fr\/tours\/\",\"url\":\"https:\/\/transfiguration.live\/fr\/tours\/\",\"name\":\"En Tourn\u00e9e - Transfiguration\",\"isPartOf\":{\"@id\":\"https:\/\/transfiguration.live\/fr\/#website\"},\"datePublished\":\"2022-02-15T20:04:36+00:00\",\"dateModified\":\"2022-06-02T21:07:04+00:00\",\"breadcrumb\":{\"@id\":\"https:\/\/transfiguration.live\/fr\/tours\/#breadcrumb\"},\"inLanguage\":\"fr-FR\",\"potentialAction\":[{\"@type\":\"ReadAction\",\"target\":[\"https:\/\/transfiguration.live\/fr\/tours\/\"]}]},{\"@type\":\"BreadcrumbList\",\"@id\":\"https:\/\/transfiguration.live\/fr\/tours\/#breadcrumb\",\"itemListElement\":[{\"@type\":\"ListItem\",\"position\":1,\"name\":\"Home\",\"item\":\"https:\/\/transfiguration.live\/fr\/\"},{\"@type\":\"ListItem\",\"position\":2,\"name\":\"En Tourn\u00e9e\"}]},{\"@type\":\"WebSite\",\"@id\":\"https:\/\/transfiguration.live\/fr\/#website\",\"url\":\"https:\/\/transfiguration.live\/fr\/\",\"name\":\"Transfiguration\",\"description\":\"Val\u00e9rie Milot | St\u00e9phane T\u00e9treault\",\"potentialAction\":[{\"@type\":\"SearchAction\",\"target\":{\"@type\":\"EntryPoint\",\"urlTemplate\":\"https:\/\/transfiguration.live\/fr\/?s={search_term_string}\"},\"query-input\":{\"@type\":\"PropertyValueSpecification\",\"valueRequired\":true,\"valueName\":\"search_term_string\"}}],\"inLanguage\":\"fr-FR\"}]}<\/script>\n<!-- \/ Yoast SEO plugin. -->","yoast_head_json":{"title":"En Tourn\u00e9e - Transfiguration","robots":{"index":"index","follow":"follow","max-snippet":"max-snippet:-1","max-image-preview":"max-image-preview:large","max-video-preview":"max-video-preview:-1"},"canonical":"https:\/\/transfiguration.live\/fr\/tours\/","og_locale":"fr_FR","og_type":"article","og_title":"En Tourn\u00e9e - Transfiguration","og_description":"En tourn\u00e9e O\u00f9 pouvez-vous nous voir ?","og_url":"https:\/\/transfiguration.live\/fr\/tours\/","og_site_name":"Transfiguration","article_modified_time":"2022-06-02T21:07:04+00:00","twitter_card":"summary_large_image","twitter_misc":{"Dur\u00e9e de lecture estim\u00e9e":"2 minutes"},"schema":{"@context":"https:\/\/schema.org","@graph":[{"@type":"WebPage","@id":"https:\/\/transfiguration.live\/fr\/tours\/","url":"https:\/\/transfiguration.live\/fr\/tours\/","name":"En Tourn\u00e9e - Transfiguration","isPartOf":{"@id":"https:\/\/transfiguration.live\/fr\/#website"},"datePublished":"2022-02-15T20:04:36+00:00","dateModified":"2022-06-02T21:07:04+00:00","breadcrumb":{"@id":"https:\/\/transfiguration.live\/fr\/tours\/#breadcrumb"},"inLanguage":"fr-FR","potentialAction":[{"@type":"ReadAction","target":["https:\/\/transfiguration.live\/fr\/tours\/"]}]},{"@type":"BreadcrumbList","@id":"https:\/\/transfiguration.live\/fr\/tours\/#breadcrumb","itemListElement":[{"@type":"ListItem","position":1,"name":"Home","item":"https:\/\/transfiguration.live\/fr\/"},{"@type":"ListItem","position":2,"name":"En Tourn\u00e9e"}]},{"@type":"WebSite","@id":"https:\/\/transfiguration.live\/fr\/#website","url":"https:\/\/transfiguration.live\/fr\/","name":"Transfiguration","description":"Val\u00e9rie Milot | St\u00e9phane T\u00e9treault","potentialAction":[{"@type":"SearchAction","target":{"@type":"EntryPoint","urlTemplate":"https:\/\/transfiguration.live\/fr\/?s={search_term_string}"},"query-input":{"@type":"PropertyValueSpecification","valueRequired":true,"valueName":"search_term_string"}}],"inLanguage":"fr-FR"}]}},"_links":{"self":[{"href":"https:\/\/transfiguration.live\/fr\/wp-json\/wp\/v2\/pages\/4177","targetHints":{"allow":["GET"]}}],"collection":[{"href":"https:\/\/transfiguration.live\/fr\/wp-json\/wp\/v2\/pages"}],"about":[{"href":"https:\/\/transfiguration.live\/fr\/wp-json\/wp\/v2\/types\/page"}],"author":[{"embeddable":true,"href":"https:\/\/transfiguration.live\/fr\/wp-json\/wp\/v2\/users\/5"}],"replies":[{"embeddable":true,"href":"https:\/\/transfiguration.live\/fr\/wp-json\/wp\/v2\/comments?post=4177"}],"version-history":[{"count":22,"href":"https:\/\/transfiguration.live\/fr\/wp-json\/wp\/v2\/pages\/4177\/revisions"}],"predecessor-version":[{"id":6162,"href":"https:\/\/transfiguration.live\/fr\/wp-json\/wp\/v2\/pages\/4177\/revisions\/6162"}],"wp:attachment":[{"href":"https:\/\/transfiguration.live\/fr\/wp-json\/wp\/v2\/media?parent=4177"}],"wp:term":[{"taxonomy":"category","embeddable":true,"href":"https:\/\/transfiguration.live\/fr\/wp-json\/wp\/v2\/categories?post=4177"},{"taxonomy":"post_tag","embeddable":true,"href":"https:\/\/transfiguration.live\/fr\/wp-json\/wp\/v2\/tags?post=4177"}],"curies":[{"name":"wp","href":"https:\/\/api.w.org\/{rel}","templated":true}]}}